{"id":509,"date":"2024-10-30T08:45:56","date_gmt":"2024-10-30T08:45:56","guid":{"rendered":"https:\/\/www.stay-ok-project.eu\/?page_id=509"},"modified":"2025-09-30T08:43:49","modified_gmt":"2025-09-30T08:43:49","slug":"newsletter","status":"publish","type":"page","link":"https:\/\/www.stay-ok-project.eu\/da\/newsletter\/","title":{"rendered":"Newsletter"},"content":{"rendered":"<div data-elementor-type=\"wp-page\" data-elementor-id=\"509\" class=\"elementor elementor-509\" data-elementor-post-type=\"page\">\n\t\t\t\t<div class=\"elementor-element elementor-element-0c4bd9a e-flex e-con-boxed e-con e-parent\" data-id=\"0c4bd9a\" data-element_type=\"container\" data-e-type=\"container\">\n\t\t\t\t\t<div class=\"e-con-inner\">\n\t\t\t\t<div class=\"elementor-element elementor-element-4f96324 elementor-widget elementor-widget-text-editor\" data-id=\"4f96324\" data-element_type=\"widget\" data-e-type=\"widget\" data-widget_type=\"text-editor.default\">\n\t\t\t\t<div class=\"elementor-widget-container\">\n\t\t\t\t\t\t\t\t\t<p>Velkommen til vores projekts nyhedsbrevs-hub! Her kan du nemt f\u00e5 adgang til og downloade alle vores seneste nyhedsbreve. Hold dig ajour med vores fremskridt, indsigter og vigtige opdateringer ved at udforske vores regelm\u00e6ssigt opdaterede publikationer. Tak, fordi du f\u00f8lger med p\u00e5 vores rejse!<\/p>\t\t\t\t\t\t\t\t<\/div>\n\t\t\t\t<\/div>\n\t\t\t\t<div class=\"elementor-element elementor-element-e8ad32b elementor-align-center elementor-widget elementor-widget-button\" data-id=\"e8ad32b\" data-element_type=\"widget\" data-e-type=\"widget\" data-widget_type=\"button.default\">\n\t\t\t\t<div class=\"elementor-widget-container\">\n\t\t\t\t\t\t\t\t\t<div class=\"elementor-button-wrapper\">\n\t\t\t\t\t<a class=\"elementor-button elementor-button-link elementor-size-sm\" href=\"https:\/\/www.stay-ok-project.eu\/wp-content\/uploads\/STAY-OK-1st-Newsletter_english.pdf\" target=\"_blank\">\n\t\t\t\t\t\t<span class=\"elementor-button-content-wrapper\">\n\t\t\t\t\t\t\t\t\t<span class=\"elementor-button-text\">Newsletter 1<\/span>\n\t\t\t\t\t<\/span>\n\t\t\t\t\t<\/a>\n\t\t\t\t<\/div>\n\t\t\t\t\t\t\t\t<\/div>\n\t\t\t\t<\/div>\n\t\t\t\t<div class=\"elementor-element elementor-element-9325d5b elementor-align-center elementor-widget elementor-widget-button\" data-id=\"9325d5b\" data-element_type=\"widget\" data-e-type=\"widget\" data-widget_type=\"button.default\">\n\t\t\t\t<div class=\"elementor-widget-container\">\n\t\t\t\t\t\t\t\t\t<div class=\"elementor-button-wrapper\">\n\t\t\t\t\t<a class=\"elementor-button elementor-button-link elementor-size-sm\" href=\"https:\/\/www.stay-ok-project.eu\/wp-content\/uploads\/STAY-OK-2nd-Newsletter_english.pdf\" target=\"_blank\">\n\t\t\t\t\t\t<span class=\"elementor-button-content-wrapper\">\n\t\t\t\t\t\t\t\t\t<span class=\"elementor-button-text\">Newsletter 2<\/span>\n\t\t\t\t\t<\/span>\n\t\t\t\t\t<\/a>\n\t\t\t\t<\/div>\n\t\t\t\t\t\t\t\t<\/div>\n\t\t\t\t<\/div>\n\t\t\t\t<div class=\"elementor-element elementor-element-64e0bc0 elementor-align-center elementor-widget elementor-widget-button\" data-id=\"64e0bc0\" data-element_type=\"widget\" data-e-type=\"widget\" data-widget_type=\"button.default\">\n\t\t\t\t<div class=\"elementor-widget-container\">\n\t\t\t\t\t\t\t\t\t<div class=\"elementor-button-wrapper\">\n\t\t\t\t\t<a class=\"elementor-button elementor-button-link elementor-size-sm\" href=\"https:\/\/www.stay-ok-project.eu\/wp-content\/uploads\/STAY-OK-3rd-Newsletter_english.pdf\" target=\"_blank\">\n\t\t\t\t\t\t<span class=\"elementor-button-content-wrapper\">\n\t\t\t\t\t\t\t\t\t<span class=\"elementor-button-text\">Newsletter 3<\/span>\n\t\t\t\t\t<\/span>\n\t\t\t\t\t<\/a>\n\t\t\t\t<\/div>\n\t\t\t\t\t\t\t\t<\/div>\n\t\t\t\t<\/div>\n\t\t\t\t<div class=\"elementor-element elementor-element-55f79c0 elementor-align-center elementor-widget elementor-widget-button\" data-id=\"55f79c0\" data-element_type=\"widget\" data-e-type=\"widget\" data-widget_type=\"button.default\">\n\t\t\t\t<div class=\"elementor-widget-container\">\n\t\t\t\t\t\t\t\t\t<div class=\"elementor-button-wrapper\">\n\t\t\t\t\t<a class=\"elementor-button elementor-button-link elementor-size-sm\" href=\"https:\/\/www.stay-ok-project.eu\/wp-content\/uploads\/STAY-OK-4th-Newsletter_danish.pdf\" target=\"_blank\">\n\t\t\t\t\t\t<span class=\"elementor-button-content-wrapper\">\n\t\t\t\t\t\t\t\t\t<span class=\"elementor-button-text\">Newsletter 4<\/span>\n\t\t\t\t\t<\/span>\n\t\t\t\t\t<\/a>\n\t\t\t\t<\/div>\n\t\t\t\t\t\t\t\t<\/div>\n\t\t\t\t<\/div>\n\t\t\t\t\t<\/div>\n\t\t\t\t<\/div>\n\t\t\t\t<\/div>","protected":false},"excerpt":{"rendered":"<p>Welcome to our project\u2019s newsletter hub! Here, you can easily access and download all our latest newsletters. Stay up-to-date with our progress, insights, and important updates by exploring our regularly updated publications. Thank you for following along with our journey! Newsletter 1 Newsletter 2 Newsletter 3 Newsletter 4<\/p>","protected":false},"author":1,"featured_media":0,"parent":0,"menu_order":0,"comment_status":"closed","ping_status":"closed","template":"","meta":{"footnotes":""},"class_list":["post-509","page","type-page","status-publish","hentry"],"_links":{"self":[{"href":"https:\/\/www.stay-ok-project.eu\/da\/wp-json\/wp\/v2\/pages\/509","targetHints":{"allow":["GET"]}}],"collection":[{"href":"https:\/\/www.stay-ok-project.eu\/da\/wp-json\/wp\/v2\/pages"}],"about":[{"href":"https:\/\/www.stay-ok-project.eu\/da\/wp-json\/wp\/v2\/types\/page"}],"author":[{"embeddable":true,"href":"https:\/\/www.stay-ok-project.eu\/da\/wp-json\/wp\/v2\/users\/1"}],"replies":[{"embeddable":true,"href":"https:\/\/www.stay-ok-project.eu\/da\/wp-json\/wp\/v2\/comments?post=509"}],"version-history":[{"count":13,"href":"https:\/\/www.stay-ok-project.eu\/da\/wp-json\/wp\/v2\/pages\/509\/revisions"}],"predecessor-version":[{"id":732,"href":"https:\/\/www.stay-ok-project.eu\/da\/wp-json\/wp\/v2\/pages\/509\/revisions\/732"}],"wp:attachment":[{"href":"https:\/\/www.stay-ok-project.eu\/da\/wp-json\/wp\/v2\/media?parent=509"}],"curies":[{"name":"wp","href":"https:\/\/api.w.org\/{rel}","templated":true}]}}